{"id":23,"date":"2023-12-30T18:59:49","date_gmt":"2023-12-30T18:59:49","guid":{"rendered":"https:\/\/aigner.no\/?page_id=23"},"modified":"2025-02-25T23:15:19","modified_gmt":"2025-02-25T23:15:19","slug":"om","status":"publish","type":"page","link":"https:\/\/aigner.no\/index.php\/om\/","title":{"rendered":"Om"},"content":{"rendered":"\n<p>Det tar mye tid \u00e5 skille falske nyheter fra ekte, eller \u00e5 ta stilling til hvilke agendaer som ligger bak hvilke narrativer og hvordan man skal finne en balanse mellom forskjellige fremstillinger av en sak. Mer enn de fleste \u00f8nsker \u00e5 benytte. Vi gjennomg\u00e5r en ny type informasjonskrise, som f\u00f8lge av at tilgangen p\u00e5 informasjon n\u00e5 har blitt s\u00e5 stor at det er blitt uh\u00e5ndterlig.<br><br>Man skal lese mye for \u00e5 komme ut av sin nasjonale informasjonsboble og det verdimessige ekkokammeret disse vanligvis innehar. N\u00e5r det meste av informasjon ogs\u00e5 er p\u00e5 engelsk eller helt ukjente spr\u00e5k, s\u00e5 blir barrieren enda h\u00f8yere. Meningen med &#8220;nok en nyhetsside&#8221; i mylderet av informasjon, er \u00e5 fors\u00f8ke \u00e5 gj\u00f8re analyser, nyheter og perspektiver fra rundt omkring i verden tilgjengelig p\u00e5 norsk. M\u00e5let er \u00e5 bidra til at det blir lettere \u00e5 navigere i jungelen av informasjon og komme til et standpunkt gjennom sin egen kritiske sans.<br><br>Arbeidet som gj\u00f8res her kommer som f\u00f8lge av min egen interesse, og egentlig lidenskap, for geopolitikk og makro\u00f8konomi, og hvordan disse relaterer til krig og fred. Jeg bruker mye tid i min hverdag p\u00e5 \u00e5 unders\u00f8ke saker og fors\u00f8ke \u00e5 grave til bunns i det som er uklart, at jeg \u00f8nsket etterhvert \u00e5 samle resultatene en plass. Denne nettsiden er en slik samleplass for mine egne unders\u00f8kelser.<br><br>Alle nyheter er vektet. Eneste m\u00e5ten \u00e5 kunne ta til seg informasjon p\u00e5 en &#8220;n\u00f8ytral&#8221; m\u00e5te er \u00e5 vite hvordan dem som skriver ser verden. Derfor \u00f8nsker jeg \u00e5 v\u00e6re transparent p\u00e5 mine vektinger. <br><br>Jeg er personlig kritisk til id\u00e9en om maktmonopoler, uavhengig av om det er innad i et land for verdenssamfunnet. Jeg tror p\u00e5 et opplyst demokrati (der avgj\u00f8relser baserer seg p\u00e5 at folk aktivt og p\u00e5 eget initiativ tar til seg informasjon, ikke et &#8220;demokrati&#8221; der valgkampbudsjetter og sosial mediakampanjer har st\u00f8rre effekt enn den faktiske politikken som f\u00f8res) b\u00e5de p\u00e5 lokalt og globalt niv\u00e5.<br><br>Autokrati er et problem &#8211; ogs\u00e5 for verdenssamfunnet. Vi er riktignok liberale demokratier innad i vestlige land, men vi har kjempet mange kamper med v\u00e5rt felles milit\u00e6r for \u00e5 opprettholde v\u00e5rt maktmonopol p\u00e5 globalt niv\u00e5. Jeg er kritisk til denne tiln\u00e6rmingen, fordi jeg tror den leder til totalit\u00e6re regimer (ikke n\u00f8dvendigvis autokratiske) og tror p\u00e5 multipolaritet som en mer stabil verdensorden, der flere mektige stater begrenser hverandres maktut\u00f8velse.<br><br>Nettsiden har ikke en spesifikk egen agenda, og verdisynene involvert i en sak overskrider gjerne tradisjonelle avgrensinger. Unders\u00f8kelsene leder dit de gj\u00f8r, uavhengig av \u00f8nsketenkning, politisk korrekthet og normale kategoriseringer.<\/p>\n\n\n\n<p><\/p>\n\n\n\n<p>Om jeg skulle velge meg et m\u00e5l, s\u00e5 m\u00e5tte det v\u00e6re \u00e5 sette seg inn i en sak fra flere sider &#8211; og med en spesiell interesse for \u00e5 sette seg inn i og forst\u00e5 &#8220;motparten&#8221; sin side (selv om jeg ikke ser verden i slike polariserende briller). M\u00e5let blir \u00e5 presentere nyheter p\u00e5 en slik m\u00e5te at presentasjonen i seg selv er med p\u00e5 \u00e5 berede grunnen for \u00e5 fredelige l\u00f8sninger p\u00e5 fastl\u00e5ste situasjoner.<\/p>\n","protected":false},"excerpt":{"rendered":"<p>Det tar mye tid \u00e5 skille falske nyheter fra ekte, eller \u00e5 ta stilling til hvilke agendaer som ligger bak hvilke narrativer og hvordan man skal finne en balanse mellom forskjellige fremstillinger av en sak. Mer enn de fleste \u00f8nsker \u00e5 benytte. Vi gjennomg\u00e5r en ny type informasjonskrise, som f\u00f8lge av at tilgangen p\u00e5 informasjon [&hellip;]<\/p>\n","protected":false},"author":1,"featured_media":0,"parent":0,"menu_order":0,"comment_status":"closed","ping_status":"closed","template":"","meta":{"om_disable_all_campaigns":false,"footnotes":""},"class_list":["post-23","page","type-page","status-publish","hentry"],"_links":{"self":[{"href":"https:\/\/aigner.no\/index.php\/wp-json\/wp\/v2\/pages\/23","targetHints":{"allow":["GET"]}}],"collection":[{"href":"https:\/\/aigner.no\/index.php\/wp-json\/wp\/v2\/pages"}],"about":[{"href":"https:\/\/aigner.no\/index.php\/wp-json\/wp\/v2\/types\/page"}],"author":[{"embeddable":true,"href":"https:\/\/aigner.no\/index.php\/wp-json\/wp\/v2\/users\/1"}],"replies":[{"embeddable":true,"href":"https:\/\/aigner.no\/index.php\/wp-json\/wp\/v2\/comments?post=23"}],"version-history":[{"count":3,"href":"https:\/\/aigner.no\/index.php\/wp-json\/wp\/v2\/pages\/23\/revisions"}],"predecessor-version":[{"id":71,"href":"https:\/\/aigner.no\/index.php\/wp-json\/wp\/v2\/pages\/23\/revisions\/71"}],"wp:attachment":[{"href":"https:\/\/aigner.no\/index.php\/wp-json\/wp\/v2\/media?parent=23"}],"curies":[{"name":"wp","href":"https:\/\/api.w.org\/{rel}","templated":true}]}}